{"id":3842,"date":"2022-01-18T21:34:33","date_gmt":"2022-01-18T21:34:33","guid":{"rendered":"https:\/\/www.neiguatemazcal.com\/?page_id=3842"},"modified":"2026-01-06T00:50:17","modified_gmt":"2026-01-06T00:50:17","slug":"botica","status":"publish","type":"page","link":"https:\/\/www.neiguatemazcal.com\/?page_id=3842","title":{"rendered":"Acompa\u00f1amiento Terap\u00e9utico"},"content":{"rendered":"\n<p><strong>Soluciones en linea y presencial<\/strong><\/p>\n\n\n\n<p>Acompa\u00f1amiento profesional con terapeutas certificados con mas de 30 a\u00f1os de experiencia.<\/p>\n\n\n\n<p><\/p>\n\n\n\n<p><\/p>\n\n\n\n<p>Si deseas: <\/p>\n\n\n\n<p>Un mejor rendimiento profesional<\/p>\n\n\n\n<p>Mejorar tu enfoque y eficiencia<\/p>\n\n\n\n<p>Enfrentar altibajos de la vida con sabiduria<\/p>\n\n\n\n<p>Superar estados de ansiedad<\/p>\n\n\n\n<p>Sufres de depresi\u00f3n<\/p>\n\n\n\n<p>Estas atravesando por una crisis emocional<\/p>\n\n\n\n<p><\/p>\n\n\n\n<p>Agenda tu cita f\u00e1cilmente <\/p>\n\n\n\n<div class=\"wp-block-columns\">\n<div class=\"wp-block-column\" style=\"flex-basis:33.34%\">\n<figure class=\"wp-block-gallery columns-1 is-cropped\"><ul class=\"blocks-gallery-grid\"><li class=\"blocks-gallery-item\"><figure><img loading=\"lazy\" width=\"572\" height=\"1030\" src=\"https:\/\/www.neiguatemazcal.com\/wp-content\/uploads\/2025\/12\/WhatsApp-Image-2025-12-30-at-14.33.46-572x1030.jpeg\" alt=\"\" data-id=\"4052\" data-full-url=\"https:\/\/www.neiguatemazcal.com\/wp-content\/uploads\/2025\/12\/WhatsApp-Image-2025-12-30-at-14.33.46.jpeg\" data-link=\"https:\/\/www.neiguatemazcal.com\/?attachment_id=4052\" class=\"wp-image-4052\" srcset=\"https:\/\/www.neiguatemazcal.com\/wp-content\/uploads\/2025\/12\/WhatsApp-Image-2025-12-30-at-14.33.46-572x1030.jpeg 572w, https:\/\/www.neiguatemazcal.com\/wp-content\/uploads\/2025\/12\/WhatsApp-Image-2025-12-30-at-14.33.46-167x300.jpeg 167w, https:\/\/www.neiguatemazcal.com\/wp-content\/uploads\/2025\/12\/WhatsApp-Image-2025-12-30-at-14.33.46-392x705.jpeg 392w, https:\/\/www.neiguatemazcal.com\/wp-content\/uploads\/2025\/12\/WhatsApp-Image-2025-12-30-at-14.33.46.jpeg 711w\" sizes=\"(max-width: 572px) 100vw, 572px\" \/><\/figure><\/li><\/ul><figcaption class=\"blocks-gallery-caption\"><strong><br><\/strong><\/figcaption><\/figure>\n\n\n\n<p>Nuestro modelo terap\u00e9utico te permite expresar y reconocer las herramientas f\u00edsicas, mentales y emocionales que tienes a tu disposici\u00f3n para poder atravesar el bache emocional en el cual estas inmerso.<\/p>\n\n\n\n<p>Brindamos atenci\u00f3n psicol\u00f3gica desde 1994 y hemos ofrecido atenci\u00f3n psicol\u00f3gica a ni\u00f1os, adolescentes y adultos.<\/p>\n\n\n\n<p>Proporcionamos un ambiente de libertad emocional, donde podr\u00e1s hablar libremente sin temor a ser juzgado por tus creencias o preferencias, ofreciendo total y absoluta discreci\u00f3n profesional.<\/p>\n\n\n\n<p>Obtendr\u00e1s una respuesta eficaz y breve a tu problem\u00e1tica.<\/p>\n\n\n\n<p>A trav\u00e9s del acompa\u00f1amiento psicol\u00f3gico y el acompa\u00f1amiento terap\u00e9utico comprender\u00e1s tus emociones y podr\u00e1s enfrentar y afrontar los momentos de la vida que estas atravesando y recuperaras tu equilibrio interior.<\/p>\n\n\n\n<p>Nuestro enfoque integral incluye t\u00e9cnicas \u00fanicas que te har\u00e1n  sentir bien desde la primera sesi\u00f3n. <\/p>\n\n\n\n<p>Brindamos Acompa\u00f1amiento psicol\u00f3gico y acompa\u00f1amiento Terap\u00e9utico durante etapas de estr\u00e9s, confusi\u00f3n, duelo y ansiedad.<\/p>\n\n\n\n<p>Con nuestro enfoque fortalecer\u00e1s tus recursos emocionales para afrontar la vida con mayor claridad y bienestar.<\/p>\n\n\n\n<p><strong>Atenci\u00f3n psicol\u00f3gica virtual o presencial<\/strong><\/p>\n\n\n\n<p><strong>Atenci\u00f3n psicol\u00f3gica a mexicanos en el extranjero<\/strong>.      <\/p>\n<\/div>\n\n\n\n<div class=\"wp-block-column\" style=\"flex-basis:33.34%\">\n<figure class=\"wp-block-gallery columns-0 is-cropped\"><ul class=\"blocks-gallery-grid\"><\/ul><\/figure>\n<\/div>\n\n\n\n<div class=\"wp-block-column\" style=\"flex-basis:33.33%\">\n<figure class=\"wp-block-gallery columns-0 is-cropped\"><ul class=\"blocks-gallery-grid\"><\/ul><\/figure>\n<\/div>\n<\/div>\n\n\n\n<figure class=\"wp-block-gallery columns-0 is-cropped\"><ul class=\"blocks-gallery-grid\"><\/ul><\/figure>\n","protected":false},"excerpt":{"rendered":"<p>Soluciones en linea y presencial Acompa\u00f1amiento profesional con terapeutas certificados con mas de 30 a\u00f1os de experiencia. Si deseas: Un mejor rendimiento profesional Mejorar tu enfoque y eficiencia Enfrentar altibajos de la vida con sabiduria Superar estados de ansiedad Sufres de depresi\u00f3n Estas atravesando por una crisis emocional Agenda tu cita f\u00e1cilmente Nuestro modelo terap\u00e9utico [&hellip;]<\/p>\n","protected":false},"author":1,"featured_media":0,"parent":0,"menu_order":0,"comment_status":"closed","ping_status":"closed","template":"","meta":[],"_links":{"self":[{"href":"https:\/\/www.neiguatemazcal.com\/index.php?rest_route=\/wp\/v2\/pages\/3842"}],"collection":[{"href":"https:\/\/www.neiguatemazcal.com\/index.php?rest_route=\/wp\/v2\/pages"}],"about":[{"href":"https:\/\/www.neiguatemazcal.com\/index.php?rest_route=\/wp\/v2\/types\/page"}],"author":[{"embeddable":true,"href":"https:\/\/www.neiguatemazcal.com\/index.php?rest_route=\/wp\/v2\/users\/1"}],"replies":[{"embeddable":true,"href":"https:\/\/www.neiguatemazcal.com\/index.php?rest_route=%2Fwp%2Fv2%2Fcomments&post=3842"}],"version-history":[{"count":19,"href":"https:\/\/www.neiguatemazcal.com\/index.php?rest_route=\/wp\/v2\/pages\/3842\/revisions"}],"predecessor-version":[{"id":4094,"href":"https:\/\/www.neiguatemazcal.com\/index.php?rest_route=\/wp\/v2\/pages\/3842\/revisions\/4094"}],"wp:attachment":[{"href":"https:\/\/www.neiguatemazcal.com\/index.php?rest_route=%2Fwp%2Fv2%2Fmedia&parent=3842"}],"curies":[{"name":"wp","href":"https:\/\/api.w.org\/{rel}","templated":true}]}}