{"id":3503,"date":"2016-06-16T03:41:47","date_gmt":"2016-06-16T03:41:47","guid":{"rendered":"http:\/\/www.neiguatemazcal.com\/?page_id=3503"},"modified":"2016-06-20T19:46:51","modified_gmt":"2016-06-20T19:46:51","slug":"medicina-tradicional","status":"publish","type":"page","link":"http:\/\/www.neiguatemazcal.com\/?page_id=3503","title":{"rendered":"Medicina Tradicional"},"content":{"rendered":"<div class=\"flex_column av_one_half  flex_column_div av-zero-column-padding first  avia-builder-el-0  el_before_av_one_half  avia-builder-el-first  \" style='border-radius:0px; '><p><div  style='padding-bottom:10px; ' class='av-special-heading av-special-heading-h3    avia-builder-el-1  el_before_av_textblock  avia-builder-el-first  '><h3 class='av-special-heading-tag '  itemprop=\"headline\"  >Medicina Tradicional<\/h3><div class='special-heading-border'><div class='special-heading-inner-border' ><\/div><\/div><\/div><br \/>\n<section class=\"av_textblock_section \"  itemscope=\"itemscope\" itemtype=\"https:\/\/schema.org\/CreativeWork\" ><div class='avia_textblock  '   itemprop=\"text\" ><p>A trav\u00e9s de nuestra milenaria <strong>medicina tradicional<\/strong> y sus herramientas de sanaci\u00f3n se logra la armon\u00eda entre el cuerpo y el esp\u00edritu.\u00a0La uni\u00f3n m\u00edstica del hombre con los elementos de la naturaleza como plantas, piedras, resinas y flores, \u00a0nos conducen hacia un estado de bienestar.<\/p>\n<p>La medicina tradicional pone en <strong>armon\u00eda<\/strong> tu cuerpo con las corrientes energ\u00e9ticas ben\u00e9ficas de la tierra y las utiliza para tu \u00a0evoluci\u00f3n y la del planeta.<\/p>\n<p>Uno de los mayores beneficios de las energ\u00edas provenientes de la naturaleza es que no solo curan el padecimiento sino que se anticipan a el. De esta manera, la medicina tradicional se convierte en nuestro mejor aliado para prevenir <strong>enfermedades f\u00edsicas<\/strong> o <strong>emocionales<\/strong>.<\/p>\n<\/div><\/section><br \/>\n<div   class='hr hr-default   avia-builder-el-3  el_after_av_textblock  el_before_av_headline_rotator '><span class='hr-inner ' ><span class='hr-inner-style'><\/span><\/span><\/div><br \/>\n<div  style='text-align:left; font-size:25px; margin:0 0 0 0; ' class='av-rotator-container av-rotation-container-left   avia-builder-el-4  el_after_av_hr  avia-builder-el-last ' data-interval='5' data-animation='1'><h3 class='av-rotator-container-inner '>Medicina Tradicional<span class='av-rotator-text av-rotator-multiline-off '>\n<span style='color:#b02b2c; ' class='av-rotator-text-single av-rotator-text-single-1'>Logra la armon\u00eda entre el cuerpo y el esp\u00edritu<\/span>\n<span style='color:#b02b2c; ' class='av-rotator-text-single av-rotator-text-single-2'>Uni\u00f3n m\u00edstica del hombre con los elementos de la naturaleza como plantas, piedras, resinas y flores<\/span>\n<span style='color:#b02b2c; ' class='av-rotator-text-single av-rotator-text-single-3'>Pone en armon\u00eda tu cuerpo con las corrientes energ\u00e9ticas ben\u00e9ficas de la tierra<\/span>\n<\/span><\/h3><\/div><\/p><\/div><div class=\"flex_column av_one_half  flex_column_div av-zero-column-padding   avia-builder-el-5  el_after_av_one_half  el_before_av_hr  \" style='border-radius:0px; '><div  class='avia-gallery  avia-gallery-1 avia_lazyload avia-gallery-animate avia_animate_when_visible  avia-builder-el-6  avia-builder-el-no-sibling '  itemprop=\"image\" itemscope=\"itemscope\" itemtype=\"https:\/\/schema.org\/ImageObject\" ><a class='avia-gallery-big fakeLightbox lightbox avia-gallery-big-crop-thumb ' href='http:\/\/www.neiguatemazcal.com\/wp-content\/uploads\/2016\/06\/Captura-de-pantalla-2016-06-15-a-las-10.43.21-p.m..png'  data-onclick='1' title='Sahumerio de Salud' ><span class='avia-gallery-big-inner'  itemprop=\"thumbnailUrl\" >\t<img width='495' height='400' src='http:\/\/www.neiguatemazcal.com\/wp-content\/uploads\/2016\/06\/Captura-de-pantalla-2016-06-15-a-las-10.43.21-p.m.-495x400.png' title='Captura de pantalla 2016-06-15 a la(s) 10.43.21 p.m.' alt='medicina tradicional' \/>\t<span class='avia-gallery-caption'>Sahumerio de Salud<\/span><\/span><\/a><div class='avia-gallery-thumb'> <a href='http:\/\/www.neiguatemazcal.com\/wp-content\/uploads\/2016\/06\/Captura-de-pantalla-2016-06-15-a-las-10.43.21-p.m..png' data-rel='gallery-1' data-prev-img='http:\/\/www.neiguatemazcal.com\/wp-content\/uploads\/2016\/06\/Captura-de-pantalla-2016-06-15-a-las-10.43.21-p.m.-495x400.png' class='first_thumb lightbox ' data-onclick='1' title='Sahumerio de Salud'  itemprop=\"thumbnailUrl\" ><img data-avia-tooltip='Sahumerio de Salud' src='http:\/\/www.neiguatemazcal.com\/wp-content\/uploads\/2016\/06\/Captura-de-pantalla-2016-06-15-a-las-10.43.21-p.m.-495x400.png' width='495' height='400'  title='Captura de pantalla 2016-06-15 a la(s) 10.43.21 p.m.' alt='medicina tradicional' \/><\/a> <a href='http:\/\/www.neiguatemazcal.com\/wp-content\/uploads\/2016\/06\/Captura-de-pantalla-2016-06-15-a-las-10.43.41-p.m..png' data-rel='gallery-1' data-prev-img='http:\/\/www.neiguatemazcal.com\/wp-content\/uploads\/2016\/06\/Captura-de-pantalla-2016-06-15-a-las-10.43.41-p.m.-495x400.png' class='lightbox ' data-onclick='2' title='Medicina Tradicional'  itemprop=\"thumbnailUrl\" ><img data-avia-tooltip='Medicina Tradicional' src='http:\/\/www.neiguatemazcal.com\/wp-content\/uploads\/2016\/06\/Captura-de-pantalla-2016-06-15-a-las-10.43.41-p.m.-495x400.png' width='495' height='400'  title='Captura de pantalla 2016-06-15 a la(s) 10.43.41 p.m.' alt='medicina tradicional' \/><\/a> <a href='http:\/\/www.neiguatemazcal.com\/wp-content\/uploads\/2016\/06\/Captura-de-pantalla-2016-06-15-a-las-10.44.02-p.m..png' data-rel='gallery-1' data-prev-img='http:\/\/www.neiguatemazcal.com\/wp-content\/uploads\/2016\/06\/Captura-de-pantalla-2016-06-15-a-las-10.44.02-p.m.-495x400.png' class='lightbox ' data-onclick='3' title='Medicina Tradicional'  itemprop=\"thumbnailUrl\" ><img data-avia-tooltip='Medicina Tradicional' src='http:\/\/www.neiguatemazcal.com\/wp-content\/uploads\/2016\/06\/Captura-de-pantalla-2016-06-15-a-las-10.44.02-p.m.-495x400.png' width='495' height='400'  title='Captura de pantalla 2016-06-15 a la(s) 10.44.02 p.m.' alt='medicina tradicional' \/><\/a> <a href='http:\/\/www.neiguatemazcal.com\/wp-content\/uploads\/2014\/02\/11295587_1450389075277165_479856654094947256_n.jpg' data-rel='gallery-1' data-prev-img='http:\/\/www.neiguatemazcal.com\/wp-content\/uploads\/2014\/02\/11295587_1450389075277165_479856654094947256_n-495x400.jpg' class='lightbox ' data-onclick='4' title='Altar'  itemprop=\"thumbnailUrl\" ><img data-avia-tooltip='Altar' src='http:\/\/www.neiguatemazcal.com\/wp-content\/uploads\/2014\/02\/11295587_1450389075277165_479856654094947256_n-495x400.jpg' width='495' height='400'  title='11295587_1450389075277165_479856654094947256_n' alt='medicina tradicional' \/><\/a> <a href='http:\/\/www.neiguatemazcal.com\/wp-content\/uploads\/2014\/02\/Captura-de-pantalla-2016-06-01-a-las-11.56.46-p.m..png' data-rel='gallery-1' data-prev-img='http:\/\/www.neiguatemazcal.com\/wp-content\/uploads\/2014\/02\/Captura-de-pantalla-2016-06-01-a-las-11.56.46-p.m.-495x400.png' class='lightbox ' data-onclick='5' title='Interior de Temazcal'  itemprop=\"thumbnailUrl\" ><img data-avia-tooltip='Interior de Temazcal' src='http:\/\/www.neiguatemazcal.com\/wp-content\/uploads\/2014\/02\/Captura-de-pantalla-2016-06-01-a-las-11.56.46-p.m.-495x400.png' width='495' height='400'  title='Captura de pantalla 2016-06-01 a la(s) 11.56.46 p.m.' alt='temazcal' \/><\/a> <a href='http:\/\/www.neiguatemazcal.com\/wp-content\/uploads\/2014\/02\/Limpia-chica.jpg' data-rel='gallery-1' data-prev-img='http:\/\/www.neiguatemazcal.com\/wp-content\/uploads\/2014\/02\/Limpia-chica-495x317.jpg' class='first_thumb lightbox ' data-onclick='6' title='Medicina Tradicional'  itemprop=\"thumbnailUrl\" ><img data-avia-tooltip='Medicina Tradicional' src='http:\/\/www.neiguatemazcal.com\/wp-content\/uploads\/2014\/02\/Limpia-chica-495x317.jpg' width='495' height='317'  title='Limpia-chica' alt='' \/><\/a><\/div><\/div><\/div><\/p>\n<div   class='hr hr-default   avia-builder-el-7  el_after_av_one_half  el_before_av_promobox '><span class='hr-inner ' ><span class='hr-inner-style'><\/span><\/span><\/div>\n\t<div   class='av_promobox  avia-button-yes   avia-builder-el-8  el_after_av_hr  el_before_av_section  avia-builder-el-last '>\t\t<div class='avia-promocontent'><p>\nM\u00e1s informaci\u00f3n sobre las fechas y horarios del Temazcal<\/p>\n<\/div><div  class='avia-button-wrap avia-button-right ' ><a href=''  class='avia-button   avia-icon_select-yes-left-icon avia-color-theme-color avia-size-large avia-position-right '   ><span class='avia_button_icon avia_button_icon_left ' aria-hidden='true' data-av_icon='\ue805' data-av_iconfont='entypo-fontello'><\/span><span class='avia_iconbox_title' >CONTACTANOS<\/span><\/a><\/div>\t<\/div>\n<\/div><\/div><\/div><!-- close content main div --><\/div><\/div><div id='av_section_1'  class='avia-section socket_color avia-section-huge avia-no-border-styling av-parallax-section avia-bg-style-parallax  avia-builder-el-9  el_after_av_promobox  avia-builder-el-last   av-minimum-height av-minimum-height-25  container_wrap sidebar_right' style=' '  data-section-bg-repeat='no-repeat' data-av_minimum_height_pc='25'><div class='av-parallax' data-avia-parallax-ratio='0.3' ><div class='av-parallax-inner socket_color  avia-full-stretch' style = 'background-repeat: no-repeat; background-image: url(http:\/\/www.neiguatemazcal.com\/wp-content\/uploads\/2016\/06\/Captura-de-pantalla-2016-06-15-a-las-10.44.02-p.m..png);background-attachment: scroll; background-position: top left; ' ><\/div><\/div><div class='container' ><div class='template-page content  av-content-small alpha units'><div class='post-entry post-entry-type-page post-entry-3503'><div class='entry-content-wrapper clearfix'>\n<div   data-autoplay='1'  data-interval='5'  data-animation='fade'  data-hoverpause='1'  class='avia-testimonial-wrapper avia-slider-testimonials avia-slider-2-testimonials avia_animate_when_almost_visible  av-large-testimonial-slider  '>\n<section class ='avia-testimonial-row'><div class='avia-testimonial av_one_half flex_column no_margin avia-testimonial-row-1 avia-first-testimonial'  itemscope=\"itemscope\" itemtype=\"https:\/\/schema.org\/Person\" ><div class='avia-testimonial_inner'><div class='avia-testimonial-content '    itemscope=\"itemscope\" itemtype=\"https:\/\/schema.org\/CreativeWork\" ><p>A trav\u00e9s de nuestra milenaria\u00a0<strong>medicina tradicional<\/strong>\u00a0y sus herramientas de sanaci\u00f3n se logra la armon\u00eda entre el cuerpo y el esp\u00edritu.<\/p>\n<\/div><div class='avia-testimonial-meta'><div class='avia-testimonial-arrow-wrap'><div class='avia-arrow'><\/div><\/div><div class='avia-testimonial-meta-mini'><strong  class='avia-testimonial-name'   style='color:#ffffff; '  itemprop=\"name\" >Neigua Temazcal<\/strong><\/div><\/div><\/div><\/div>\n<\/section><div class='avia-slideshow-arrows avia-slideshow-controls' ><a href='#prev' class='prev-slide' aria-hidden='true' data-av_icon='\ue87c' data-av_iconfont='entypo-fontello'>Previous<\/a><a href='#next' class='next-slide' aria-hidden='true' data-av_icon='\ue87d' data-av_iconfont='entypo-fontello'>Next<\/a><\/div><\/div>\n<\/div><\/div><\/div><!-- close content main div --><\/div><\/div><div id='after_section_1'  class='main_color av_default_container_wrap container_wrap sidebar_right' style=' '  ><div class='container' ><div class='template-page content  av-content-small alpha units'><div class='post-entry post-entry-type-page post-entry-3503'><div class='entry-content-wrapper clearfix'>\n","protected":false},"excerpt":{"rendered":"","protected":false},"author":1,"featured_media":0,"parent":0,"menu_order":0,"comment_status":"closed","ping_status":"closed","template":"","meta":[],"_links":{"self":[{"href":"http:\/\/www.neiguatemazcal.com\/index.php?rest_route=\/wp\/v2\/pages\/3503"}],"collection":[{"href":"http:\/\/www.neiguatemazcal.com\/index.php?rest_route=\/wp\/v2\/pages"}],"about":[{"href":"http:\/\/www.neiguatemazcal.com\/index.php?rest_route=\/wp\/v2\/types\/page"}],"author":[{"embeddable":true,"href":"http:\/\/www.neiguatemazcal.com\/index.php?rest_route=\/wp\/v2\/users\/1"}],"replies":[{"embeddable":true,"href":"http:\/\/www.neiguatemazcal.com\/index.php?rest_route=%2Fwp%2Fv2%2Fcomments&post=3503"}],"version-history":[{"count":9,"href":"http:\/\/www.neiguatemazcal.com\/index.php?rest_route=\/wp\/v2\/pages\/3503\/revisions"}],"predecessor-version":[{"id":3939,"href":"http:\/\/www.neiguatemazcal.com\/index.php?rest_route=\/wp\/v2\/pages\/3503\/revisions\/3939"}],"wp:attachment":[{"href":"http:\/\/www.neiguatemazcal.com\/index.php?rest_route=%2Fwp%2Fv2%2Fmedia&parent=3503"}],"curies":[{"name":"wp","href":"https:\/\/api.w.org\/{rel}","templated":true}]}}