{"id":3491,"date":"2016-06-16T03:28:03","date_gmt":"2016-06-16T03:28:03","guid":{"rendered":"http:\/\/www.neiguatemazcal.com\/?page_id=3491"},"modified":"2025-12-31T01:18:47","modified_gmt":"2025-12-31T01:18:47","slug":"plantas-medicinales","status":"publish","type":"page","link":"http:\/\/www.neiguatemazcal.com\/?page_id=3491","title":{"rendered":"Plantas medicinales"},"content":{"rendered":"<div class=\"flex_column av_one_half  flex_column_div av-zero-column-padding first  avia-builder-el-0  el_before_av_one_half  avia-builder-el-first  \" style='border-radius:0px; '><p><div  style='padding-bottom:10px; ' class='av-special-heading av-special-heading-h3    avia-builder-el-1  el_before_av_textblock  avia-builder-el-first  '><h3 class='av-special-heading-tag '  itemprop=\"headline\"  >Plantas Medicinales<\/h3><div class='special-heading-border'><div class='special-heading-inner-border' ><\/div><\/div><\/div><br \/>\n<section class=\"av_textblock_section \"  itemscope=\"itemscope\" itemtype=\"https:\/\/schema.org\/CreativeWork\" ><div class='avia_textblock  '   itemprop=\"text\" ><p>Las <strong>plantas<\/strong> <strong>medicinales<\/strong> contienen una gran cantidad de energ\u00eda proveniente de la uni\u00f3n de la energ\u00eda de la Madre tierra y el sol. Esta energ\u00eda ancestral est\u00e1 al alcance de todos nosotros, sin embargo no todos hemos aprendido a aprovecharla.<\/p>\n<p>A trav\u00e9s del <strong>Temazcal<\/strong> aprendemos a utilizar las plantas medicinales, no solo en cuanto a las cualidades f\u00edsicas de las plantas, sino en cuanto a la libertad que se le otorga a la fuerza viva, al alma y al natural que vive en su interior.<\/p>\n<p>A trav\u00e9s de los <strong>naturales<\/strong> de las plantas \u00a0se tratan padecimientos f\u00edsicos, mentales y emocionales.\u00a0Las <strong>plantas medicinales<\/strong> y <strong>arom\u00e1ticas<\/strong> mezclan su fuerza y energ\u00eda con la del cuerpo humano previniendo o curando un gran n\u00famero \u00a0de s\u00edntomas f\u00edsicos y dolencias espirituales. El uso de esta fuerza medicinal nos lleva a generar conexiones con nuestra propia naturaleza y a generar un v\u00ednculo \u00a0mas estrecho con la madre tierra.<\/p>\n<\/div><\/section><br \/>\n<div   class='hr hr-default   avia-builder-el-3  el_after_av_textblock  el_before_av_headline_rotator '><span class='hr-inner ' ><span class='hr-inner-style'><\/span><\/span><\/div><br \/>\n<div  style='text-align:left; font-size:25px; margin:0 0 0 0; ' class='av-rotator-container av-rotation-container-left   avia-builder-el-4  el_after_av_hr  avia-builder-el-last ' data-interval='5' data-animation='1'><h3 class='av-rotator-container-inner '>Plantas Medicinales<span class='av-rotator-text av-rotator-multiline-off '>\n<span style='color:#b02b2c; ' class='av-rotator-text-single av-rotator-text-single-1'>Contienen una gran cantidad de energ\u00eda.<\/span>\n<span style='color:#b02b2c; ' class='av-rotator-text-single av-rotator-text-single-2'>Tratan padecimientos f\u00edsicos, mentales y emocionales.<\/span>\n<span style='color:#b02b2c; ' class='av-rotator-text-single av-rotator-text-single-3'>Generan conexiones con nuestra propia naturaleza.<\/span>\n<\/span><\/h3><\/div><\/p><\/div>\n<div class=\"flex_column av_one_half  flex_column_div av-zero-column-padding   avia-builder-el-5  el_after_av_one_half  el_before_av_hr  \" style='border-radius:0px; '><div  class='avia-gallery  avia-gallery-1 avia_lazyload avia-gallery-animate avia_animate_when_visible  avia-builder-el-6  avia-builder-el-no-sibling '  itemprop=\"image\" itemscope=\"itemscope\" itemtype=\"https:\/\/schema.org\/ImageObject\" ><a class='avia-gallery-big fakeLightbox lightbox avia-gallery-big-crop-thumb ' href='http:\/\/www.neiguatemazcal.com\/wp-content\/uploads\/2016\/06\/Captura-de-pantalla-2016-06-15-a-las-10.31.36-p.m..png'  data-onclick='1' title='' ><span class='avia-gallery-big-inner'  itemprop=\"thumbnailUrl\" >\t<img width='495' height='400' src='http:\/\/www.neiguatemazcal.com\/wp-content\/uploads\/2016\/06\/Captura-de-pantalla-2016-06-15-a-las-10.31.36-p.m.-495x400.png' title='Captura de pantalla 2016-06-15 a la(s) 10.31.36 p.m.' alt='Plantas Medicinales' \/><\/span><\/a><div class='avia-gallery-thumb'> <a href='http:\/\/www.neiguatemazcal.com\/wp-content\/uploads\/2016\/06\/Captura-de-pantalla-2016-06-15-a-las-10.31.36-p.m..png' data-rel='gallery-1' data-prev-img='http:\/\/www.neiguatemazcal.com\/wp-content\/uploads\/2016\/06\/Captura-de-pantalla-2016-06-15-a-las-10.31.36-p.m.-495x400.png' class='first_thumb lightbox ' data-onclick='1' title=''  itemprop=\"thumbnailUrl\" ><img  src='http:\/\/www.neiguatemazcal.com\/wp-content\/uploads\/2016\/06\/Captura-de-pantalla-2016-06-15-a-las-10.31.36-p.m.-495x400.png' width='495' height='400'  title='Captura de pantalla 2016-06-15 a la(s) 10.31.36 p.m.' alt='Plantas Medicinales' \/><\/a> <a href='http:\/\/www.neiguatemazcal.com\/wp-content\/uploads\/2016\/06\/Captura-de-pantalla-2016-06-15-a-las-10.32.47-p.m..png' data-rel='gallery-1' data-prev-img='http:\/\/www.neiguatemazcal.com\/wp-content\/uploads\/2016\/06\/Captura-de-pantalla-2016-06-15-a-las-10.32.47-p.m.-495x400.png' class='lightbox ' data-onclick='2' title=''  itemprop=\"thumbnailUrl\" ><img  src='http:\/\/www.neiguatemazcal.com\/wp-content\/uploads\/2016\/06\/Captura-de-pantalla-2016-06-15-a-las-10.32.47-p.m.-495x400.png' width='495' height='400'  title='Captura de pantalla 2016-06-15 a la(s) 10.32.47 p.m.' alt='Plantas Medicinales' \/><\/a> <a href='http:\/\/www.neiguatemazcal.com\/wp-content\/uploads\/2016\/06\/Captura-de-pantalla-2016-06-15-a-las-10.32.58-p.m..png' data-rel='gallery-1' data-prev-img='http:\/\/www.neiguatemazcal.com\/wp-content\/uploads\/2016\/06\/Captura-de-pantalla-2016-06-15-a-las-10.32.58-p.m.-495x400.png' class='lightbox ' data-onclick='3' title=''  itemprop=\"thumbnailUrl\" ><img  src='http:\/\/www.neiguatemazcal.com\/wp-content\/uploads\/2016\/06\/Captura-de-pantalla-2016-06-15-a-las-10.32.58-p.m.-495x400.png' width='495' height='400'  title='Captura de pantalla 2016-06-15 a la(s) 10.32.58 p.m.' alt='Plantas Medicinales' \/><\/a> <a href='http:\/\/www.neiguatemazcal.com\/wp-content\/uploads\/2016\/06\/Captura-de-pantalla-2016-06-15-a-las-10.33.11-p.m..png' data-rel='gallery-1' data-prev-img='http:\/\/www.neiguatemazcal.com\/wp-content\/uploads\/2016\/06\/Captura-de-pantalla-2016-06-15-a-las-10.33.11-p.m.-495x400.png' class='lightbox ' data-onclick='4' title=''  itemprop=\"thumbnailUrl\" ><img  src='http:\/\/www.neiguatemazcal.com\/wp-content\/uploads\/2016\/06\/Captura-de-pantalla-2016-06-15-a-las-10.33.11-p.m.-495x400.png' width='495' height='400'  title='Captura de pantalla 2016-06-15 a la(s) 10.33.11 p.m.' alt='Plantas Medicinales' \/><\/a> <a href='http:\/\/www.neiguatemazcal.com\/wp-content\/uploads\/2016\/06\/energia2-1030x687.jpg' data-rel='gallery-1' data-prev-img='http:\/\/www.neiguatemazcal.com\/wp-content\/uploads\/2016\/06\/energia2-495x400.jpg' class='lightbox ' data-onclick='5' title=''  itemprop=\"thumbnailUrl\" ><img  src='http:\/\/www.neiguatemazcal.com\/wp-content\/uploads\/2016\/06\/energia2-495x400.jpg' width='495' height='400'  title='energia2' alt='' \/><\/a> <a href='http:\/\/www.neiguatemazcal.com\/wp-content\/uploads\/2014\/02\/plantas-1030x687.jpg' data-rel='gallery-1' data-prev-img='http:\/\/www.neiguatemazcal.com\/wp-content\/uploads\/2014\/02\/plantas-495x400.jpg' class='first_thumb lightbox ' data-onclick='6' title='Beneficios mentales Temazcal'  itemprop=\"thumbnailUrl\" ><img data-avia-tooltip='Beneficios mentales Temazcal' src='http:\/\/www.neiguatemazcal.com\/wp-content\/uploads\/2014\/02\/plantas-495x400.jpg' width='495' height='400'  title='plantas' alt='' \/><\/a><\/div><\/div><\/div>\n<div   class='hr hr-default   avia-builder-el-7  el_after_av_one_half  el_before_av_promobox '><span class='hr-inner ' ><span class='hr-inner-style'><\/span><\/span><\/div>\n\t<div   class='av_promobox  avia-button-yes   avia-builder-el-8  el_after_av_hr  el_before_av_section  avia-builder-el-last '>\t\t<div class='avia-promocontent'><p>\nM\u00e1s informaci\u00f3n sobre las fechas y horarios del Temazcal<\/p>\n<\/div><div  class='avia-button-wrap avia-button-right ' ><a href=''  class='avia-button   avia-icon_select-yes-left-icon avia-color-theme-color avia-size-large avia-position-right '   ><span class='avia_button_icon avia_button_icon_left ' aria-hidden='true' data-av_icon='\ue805' data-av_iconfont='entypo-fontello'><\/span><span class='avia_iconbox_title' >CONTACTANOS<\/span><\/a><\/div>\t<\/div>\n<\/div><\/div><\/div><!-- close content main div --><\/div><\/div><div id='av_section_1'  class='avia-section socket_color avia-section-huge avia-no-border-styling av-parallax-section avia-bg-style-parallax  avia-builder-el-9  el_after_av_promobox  avia-builder-el-last   av-minimum-height av-minimum-height-25  container_wrap sidebar_right' style=' '  data-section-bg-repeat='no-repeat' data-av_minimum_height_pc='25'><div class='av-parallax' data-avia-parallax-ratio='0.3' ><div class='av-parallax-inner socket_color  avia-full-stretch' style = 'background-repeat: no-repeat; background-image: url(http:\/\/www.neiguatemazcal.com\/wp-content\/uploads\/2016\/06\/Captura-de-pantalla-2016-06-15-a-las-10.32.47-p.m..png);background-attachment: scroll; background-position: top left; ' ><\/div><\/div><div class='container' ><div class='template-page content  av-content-small alpha units'><div class='post-entry post-entry-type-page post-entry-3491'><div class='entry-content-wrapper clearfix'>\n<div   data-autoplay='1'  data-interval='5'  data-animation='fade'  data-hoverpause='1'  class='avia-testimonial-wrapper avia-slider-testimonials avia-slider-2-testimonials avia_animate_when_almost_visible  av-large-testimonial-slider  '>\n<section class ='avia-testimonial-row'><div class='avia-testimonial av_one_half flex_column no_margin avia-testimonial-row-1 avia-first-testimonial'  itemscope=\"itemscope\" itemtype=\"https:\/\/schema.org\/Person\" ><div class='avia-testimonial_inner'><div class='avia-testimonial-content '    itemscope=\"itemscope\" itemtype=\"https:\/\/schema.org\/CreativeWork\" ><p>&#8220;De lo divino a nuestro corazon de nuestro corazon a nuestras manos&#8221;<\/p>\n<\/div><div class='avia-testimonial-meta'><div class='avia-testimonial-arrow-wrap'><div class='avia-arrow'><\/div><\/div><div class='avia-testimonial-meta-mini'><strong  class='avia-testimonial-name'    itemprop=\"name\" >Neigua Temazcal<\/strong><\/div><\/div><\/div><\/div>\n<\/section><div class='avia-slideshow-arrows avia-slideshow-controls' ><a href='#prev' class='prev-slide' aria-hidden='true' data-av_icon='\ue87c' data-av_iconfont='entypo-fontello'>Previous<\/a><a href='#next' class='next-slide' aria-hidden='true' data-av_icon='\ue87d' data-av_iconfont='entypo-fontello'>Next<\/a><\/div><\/div>\n<\/div><\/div><\/div><!-- close content main div --><\/div><\/div><div id='after_section_1'  class='main_color av_default_container_wrap container_wrap sidebar_right' style=' '  ><div class='container' ><div class='template-page content  av-content-small alpha units'><div class='post-entry post-entry-type-page post-entry-3491'><div class='entry-content-wrapper clearfix'>\n","protected":false},"excerpt":{"rendered":"","protected":false},"author":1,"featured_media":0,"parent":0,"menu_order":0,"comment_status":"closed","ping_status":"closed","template":"","meta":[],"_links":{"self":[{"href":"http:\/\/www.neiguatemazcal.com\/index.php?rest_route=\/wp\/v2\/pages\/3491"}],"collection":[{"href":"http:\/\/www.neiguatemazcal.com\/index.php?rest_route=\/wp\/v2\/pages"}],"about":[{"href":"http:\/\/www.neiguatemazcal.com\/index.php?rest_route=\/wp\/v2\/types\/page"}],"author":[{"embeddable":true,"href":"http:\/\/www.neiguatemazcal.com\/index.php?rest_route=\/wp\/v2\/users\/1"}],"replies":[{"embeddable":true,"href":"http:\/\/www.neiguatemazcal.com\/index.php?rest_route=%2Fwp%2Fv2%2Fcomments&post=3491"}],"version-history":[{"count":12,"href":"http:\/\/www.neiguatemazcal.com\/index.php?rest_route=\/wp\/v2\/pages\/3491\/revisions"}],"predecessor-version":[{"id":4113,"href":"http:\/\/www.neiguatemazcal.com\/index.php?rest_route=\/wp\/v2\/pages\/3491\/revisions\/4113"}],"wp:attachment":[{"href":"http:\/\/www.neiguatemazcal.com\/index.php?rest_route=%2Fwp%2Fv2%2Fmedia&parent=3491"}],"curies":[{"name":"wp","href":"https:\/\/api.w.org\/{rel}","templated":true}]}}