{"id":3478,"date":"2016-06-16T02:37:40","date_gmt":"2016-06-16T02:37:40","guid":{"rendered":"http:\/\/www.neiguatemazcal.com\/?page_id=3478"},"modified":"2023-10-24T18:48:44","modified_gmt":"2023-10-24T18:48:44","slug":"temazcal-beneficios-en-la-mente","status":"publish","type":"page","link":"http:\/\/www.neiguatemazcal.com\/?page_id=3478","title":{"rendered":"Temazcal Beneficios en la Mente"},"content":{"rendered":"<div class=\"flex_column av_one_half  flex_column_div av-zero-column-padding first  avia-builder-el-0  el_before_av_one_half  avia-builder-el-first  \" style='border-radius:0px; '><p><div  style='padding-bottom:10px; ' class='av-special-heading av-special-heading-h3    avia-builder-el-1  el_before_av_textblock  avia-builder-el-first  '><h3 class='av-special-heading-tag '  itemprop=\"headline\"  >Beneficios en la Mente<\/h3><div class='special-heading-border'><div class='special-heading-inner-border' ><\/div><\/div><\/div><br \/>\n<section class=\"av_textblock_section \"  itemscope=\"itemscope\" itemtype=\"https:\/\/schema.org\/CreativeWork\" ><div class='avia_textblock  '   itemprop=\"text\" ><p>El <strong>Temazcal<\/strong> es una practica espiritual, una oportunidad para aprender a \u201cdomar\u201d la <strong>mente<\/strong> ayud\u00e1ndonos a alcanzar un mayor control y a depurar pensamientos negativos, propiciando el cambio de h\u00e1bitos mentales y as\u00ed generando transformaciones positivas en la <strong>vida<\/strong>.<\/p>\n<\/div><\/section><\/p><\/div>\n<div class=\"flex_column av_one_half  flex_column_div av-zero-column-padding   avia-builder-el-3  el_after_av_one_half  el_before_av_hr  \" style='border-radius:0px; '><div  class='avia-gallery  avia-gallery-1 avia_lazyload avia-gallery-animate avia_animate_when_visible  avia-builder-el-4  avia-builder-el-no-sibling '  itemprop=\"image\" itemscope=\"itemscope\" itemtype=\"https:\/\/schema.org\/ImageObject\" ><a class='avia-gallery-big fakeLightbox lightbox avia-gallery-big-crop-thumb ' href='http:\/\/www.neiguatemazcal.com\/wp-content\/uploads\/2014\/02\/Captura-de-pantalla-2016-06-01-a-las-11.24.05-p.m..png'  data-onclick='1' title='Beneficios mentales Temazcal' ><span class='avia-gallery-big-inner'  itemprop=\"thumbnailUrl\" >\t<img width='495' height='400' src='http:\/\/www.neiguatemazcal.com\/wp-content\/uploads\/2014\/02\/Captura-de-pantalla-2016-06-01-a-las-11.24.05-p.m.-495x400.png' title='Captura de pantalla 2016-06-01 a la(s) 11.24.05 p.m.' alt='' \/>\t<span class='avia-gallery-caption'>Beneficios mentales Temazcal<\/span><\/span><\/a><div class='avia-gallery-thumb'> <a href='http:\/\/www.neiguatemazcal.com\/wp-content\/uploads\/2014\/02\/Captura-de-pantalla-2016-06-01-a-las-11.24.05-p.m..png' data-rel='gallery-1' data-prev-img='http:\/\/www.neiguatemazcal.com\/wp-content\/uploads\/2014\/02\/Captura-de-pantalla-2016-06-01-a-las-11.24.05-p.m.-495x400.png' class='first_thumb lightbox ' data-onclick='1' title='Beneficios mentales Temazcal'  itemprop=\"thumbnailUrl\" ><img data-avia-tooltip='Beneficios mentales Temazcal' src='http:\/\/www.neiguatemazcal.com\/wp-content\/uploads\/2014\/02\/Captura-de-pantalla-2016-06-01-a-las-11.24.05-p.m.-495x400.png' width='495' height='400'  title='Captura de pantalla 2016-06-01 a la(s) 11.24.05 p.m.' alt='' \/><\/a> <a href='http:\/\/www.neiguatemazcal.com\/wp-content\/uploads\/2014\/02\/plantas-1030x687.jpg' data-rel='gallery-1' data-prev-img='http:\/\/www.neiguatemazcal.com\/wp-content\/uploads\/2014\/02\/plantas-495x400.jpg' class='lightbox ' data-onclick='2' title='Beneficios mentales Temazcal'  itemprop=\"thumbnailUrl\" ><img data-avia-tooltip='Beneficios mentales Temazcal' src='http:\/\/www.neiguatemazcal.com\/wp-content\/uploads\/2014\/02\/plantas-495x400.jpg' width='495' height='400'  title='plantas' alt='' \/><\/a> <a href='http:\/\/www.neiguatemazcal.com\/wp-content\/uploads\/2016\/06\/mente1.jpg' data-rel='gallery-1' data-prev-img='http:\/\/www.neiguatemazcal.com\/wp-content\/uploads\/2016\/06\/mente1.jpg' class='lightbox ' data-onclick='3' title='Beneficios mentales Temazcal'  itemprop=\"thumbnailUrl\" ><img data-avia-tooltip='Beneficios mentales Temazcal' src='http:\/\/www.neiguatemazcal.com\/wp-content\/uploads\/2016\/06\/mente1.jpg' width='460' height='288'  title='mente1' alt='' \/><\/a> <a href='http:\/\/www.neiguatemazcal.com\/wp-content\/uploads\/2016\/06\/mente2.jpg' data-rel='gallery-1' data-prev-img='http:\/\/www.neiguatemazcal.com\/wp-content\/uploads\/2016\/06\/mente2.jpg' class='lightbox ' data-onclick='4' title='Beneficios mentales Temazcal'  itemprop=\"thumbnailUrl\" ><img data-avia-tooltip='Beneficios mentales Temazcal' src='http:\/\/www.neiguatemazcal.com\/wp-content\/uploads\/2016\/06\/mente2.jpg' width='425' height='282'  title='mente2' alt='' \/><\/a><\/div><\/div><\/div><div   class='hr hr-default   avia-builder-el-5  el_after_av_one_half  el_before_av_promobox '><span class='hr-inner ' ><span class='hr-inner-style'><\/span><\/span><\/div><\/p>\n\t<div   class='av_promobox  avia-button-yes   avia-builder-el-6  el_after_av_hr  el_before_av_section  avia-builder-el-last '>\t\t<div class='avia-promocontent'><p>\nM\u00e1s informaci\u00f3n sobre las fechas y horarios del Temazcal<\/p>\n<\/div><div  class='avia-button-wrap avia-button-right ' ><a href=''  class='avia-button   avia-icon_select-yes-left-icon avia-color-theme-color avia-size-large avia-position-right '   ><span class='avia_button_icon avia_button_icon_left ' aria-hidden='true' data-av_icon='\ue805' data-av_iconfont='entypo-fontello'><\/span><span class='avia_iconbox_title' >CONTACTANOS<\/span><\/a><\/div>\t<\/div>\n<\/div><\/div><\/div><!-- close content main div --><\/div><\/div><div id='av_section_1'  class='avia-section socket_color avia-section-huge avia-no-border-styling av-parallax-section avia-bg-style-parallax  avia-builder-el-7  el_after_av_promobox  avia-builder-el-last   av-minimum-height av-minimum-height-25  container_wrap sidebar_right' style=' '  data-section-bg-repeat='no-repeat' data-av_minimum_height_pc='25'><div class='av-parallax' data-avia-parallax-ratio='0.3' ><div class='av-parallax-inner socket_color  avia-full-stretch' style = 'background-repeat: no-repeat; background-image: url(http:\/\/www.neiguatemazcal.com\/wp-content\/uploads\/2014\/02\/12063386_10205363300746671_5373307100644610413_n-1-300x225.jpg);background-attachment: scroll; background-position: top left; ' ><\/div><\/div><div class='container' ><div class='template-page content  av-content-small alpha units'><div class='post-entry post-entry-type-page post-entry-3478'><div class='entry-content-wrapper clearfix'>\n<div   data-autoplay='1'  data-interval='5'  data-animation='fade'  data-hoverpause='1'  class='avia-testimonial-wrapper avia-slider-testimonials avia-slider-2-testimonials avia_animate_when_almost_visible  av-large-testimonial-slider  '>\n<section class ='avia-testimonial-row'><div class='avia-testimonial av_one_half flex_column no_margin avia-testimonial-row-1 avia-first-testimonial'  itemscope=\"itemscope\" itemtype=\"https:\/\/schema.org\/Person\" ><div class='avia-testimonial_inner'><div class='avia-testimonial-content '    itemscope=\"itemscope\" itemtype=\"https:\/\/schema.org\/CreativeWork\" ><p>El <strong>Temazcal<\/strong> es una practica espiritual, una oportunidad para aprender a \u201c<strong>domar<\/strong>\u201d la mente.<\/p>\n<\/div><div class='avia-testimonial-meta'><div class='avia-testimonial-arrow-wrap'><div class='avia-arrow'><\/div><\/div><div class='avia-testimonial-meta-mini'><strong  class='avia-testimonial-name'    itemprop=\"name\" >Neigua Temazcal<\/strong><\/div><\/div><\/div><\/div>\n<\/section><div class='avia-slideshow-arrows avia-slideshow-controls' ><a href='#prev' class='prev-slide' aria-hidden='true' data-av_icon='\ue87c' data-av_iconfont='entypo-fontello'>Previous<\/a><a href='#next' class='next-slide' aria-hidden='true' data-av_icon='\ue87d' data-av_iconfont='entypo-fontello'>Next<\/a><\/div><\/div>\n<\/div><\/div><\/div><!-- close content main div --><\/div><\/div><div id='after_section_1'  class='main_color av_default_container_wrap container_wrap sidebar_right' style=' '  ><div class='container' ><div class='template-page content  av-content-small alpha units'><div class='post-entry post-entry-type-page post-entry-3478'><div class='entry-content-wrapper clearfix'>\n","protected":false},"excerpt":{"rendered":"","protected":false},"author":1,"featured_media":0,"parent":0,"menu_order":0,"comment_status":"closed","ping_status":"closed","template":"","meta":[],"_links":{"self":[{"href":"http:\/\/www.neiguatemazcal.com\/index.php?rest_route=\/wp\/v2\/pages\/3478"}],"collection":[{"href":"http:\/\/www.neiguatemazcal.com\/index.php?rest_route=\/wp\/v2\/pages"}],"about":[{"href":"http:\/\/www.neiguatemazcal.com\/index.php?rest_route=\/wp\/v2\/types\/page"}],"author":[{"embeddable":true,"href":"http:\/\/www.neiguatemazcal.com\/index.php?rest_route=\/wp\/v2\/users\/1"}],"replies":[{"embeddable":true,"href":"http:\/\/www.neiguatemazcal.com\/index.php?rest_route=%2Fwp%2Fv2%2Fcomments&post=3478"}],"version-history":[{"count":3,"href":"http:\/\/www.neiguatemazcal.com\/index.php?rest_route=\/wp\/v2\/pages\/3478\/revisions"}],"predecessor-version":[{"id":3950,"href":"http:\/\/www.neiguatemazcal.com\/index.php?rest_route=\/wp\/v2\/pages\/3478\/revisions\/3950"}],"wp:attachment":[{"href":"http:\/\/www.neiguatemazcal.com\/index.php?rest_route=%2Fwp%2Fv2%2Fmedia&parent=3478"}],"curies":[{"name":"wp","href":"https:\/\/api.w.org\/{rel}","templated":true}]}}