{"id":3469,"date":"2016-06-14T02:45:46","date_gmt":"2016-06-14T02:45:46","guid":{"rendered":"http:\/\/www.neiguatemazcal.com\/?page_id=3469"},"modified":"2023-10-24T18:41:45","modified_gmt":"2023-10-24T18:41:45","slug":"temazcal-beneficios-fisicos","status":"publish","type":"page","link":"http:\/\/www.neiguatemazcal.com\/?page_id=3469","title":{"rendered":"Temazcal Beneficios F\u00edsicos"},"content":{"rendered":"<div class=\"flex_column av_one_half  flex_column_div av-zero-column-padding first  avia-builder-el-0  el_before_av_one_half  avia-builder-el-first  \" style='border-radius:0px; '><p><div  style='padding-bottom:10px; ' class='av-special-heading av-special-heading-h3    avia-builder-el-1  el_before_av_textblock  avia-builder-el-first  '><h3 class='av-special-heading-tag '  itemprop=\"headline\"  >Beneficios F\u00edsicos<\/h3><div class='special-heading-border'><div class='special-heading-inner-border' ><\/div><\/div><\/div><br \/>\n<section class=\"av_textblock_section \"  itemscope=\"itemscope\" itemtype=\"https:\/\/schema.org\/CreativeWork\" ><div class='avia_textblock  '   itemprop=\"text\" ><p>El efecto que el <strong>Temazcal<\/strong> genera en el <strong>cuerpo f\u00edsico<\/strong> es innumerable. Pr\u00e1cticamente todos los \u00f3rganos del cuerpo se ven estimulados y depurados.<\/p>\n<p>El Temazcal fue y sigue siendo utilizado para atender a madres e hijos pre y <strong>post-parto<\/strong>, gracias a la alta temperatura semejante al vientre materno y por su car\u00e1cter ceremonial.<\/p>\n<p>Hoy sabemos que inducir el sudor del cuerpo tiene beneficios en el tratamiento de enfermedades e la piel, del h\u00edgado y del sistema circulatorio; en problemas de reumas, artritis, gota y otros males cr\u00f3nicos, as\u00ed como en problemas agudos (<strong>dolores<\/strong>, <strong>enfriamientos<\/strong> y <strong>congestiones musculares<\/strong>). Gracias a sus m\u00e9todos especiales, el Temazcal es quiz\u00e1 la t\u00e9cnica curativa m\u00e1s efectiva de este tipo.<\/p>\n<p>Seguramente la lista de padecimientos para los que se ha usado a lo largo de los siglos, fue mucho mas extensa de la que conocemos ahora.<\/p>\n<\/div><\/section><\/p><\/div>\n<div class=\"flex_column av_one_half  flex_column_div av-zero-column-padding   avia-builder-el-3  el_after_av_one_half  el_before_av_hr  \" style='border-radius:0px; '><div  class='avia-gallery  avia-gallery-1 avia_lazyload avia-gallery-animate avia_animate_when_visible  avia-builder-el-4  avia-builder-el-no-sibling '  itemprop=\"image\" itemscope=\"itemscope\" itemtype=\"https:\/\/schema.org\/ImageObject\" ><a class='avia-gallery-big fakeLightbox lightbox avia-gallery-big-crop-thumb ' href='http:\/\/www.neiguatemazcal.com\/wp-content\/uploads\/2016\/06\/Captura-de-pantalla-2016-06-13-a-las-9.52.12-p.m..png'  data-onclick='1' title='Temazcal' ><span class='avia-gallery-big-inner'  itemprop=\"thumbnailUrl\" >\t<img width='495' height='400' src='http:\/\/www.neiguatemazcal.com\/wp-content\/uploads\/2016\/06\/Captura-de-pantalla-2016-06-13-a-las-9.52.12-p.m.-495x400.png' title='Captura de pantalla 2016-06-13 a la(s) 9.52.12 p.m.' alt='' \/>\t<span class='avia-gallery-caption'>Temazcal<\/span><\/span><\/a><div class='avia-gallery-thumb'> <a href='http:\/\/www.neiguatemazcal.com\/wp-content\/uploads\/2016\/06\/Captura-de-pantalla-2016-06-13-a-las-9.52.12-p.m..png' data-rel='gallery-1' data-prev-img='http:\/\/www.neiguatemazcal.com\/wp-content\/uploads\/2016\/06\/Captura-de-pantalla-2016-06-13-a-las-9.52.12-p.m.-495x400.png' class='first_thumb lightbox ' data-onclick='1' title='Temazcal'  itemprop=\"thumbnailUrl\" ><img data-avia-tooltip='Temazcal' src='http:\/\/www.neiguatemazcal.com\/wp-content\/uploads\/2016\/06\/Captura-de-pantalla-2016-06-13-a-las-9.52.12-p.m.-495x400.png' width='495' height='400'  title='Captura de pantalla 2016-06-13 a la(s) 9.52.12 p.m.' alt='' \/><\/a><\/div><\/div><\/div><div   class='hr hr-default   avia-builder-el-5  el_after_av_one_half  el_before_av_promobox '><span class='hr-inner ' ><span class='hr-inner-style'><\/span><\/span><\/div><\/p>\n\t<div   class='av_promobox  avia-button-yes   avia-builder-el-6  el_after_av_hr  el_before_av_section  avia-builder-el-last '>\t\t<div class='avia-promocontent'><p>\nM\u00e1s informaci\u00f3n sobre las fechas y horarios del Temazcal<\/p>\n<\/div><div  class='avia-button-wrap avia-button-right ' ><a href=''  class='avia-button   avia-icon_select-yes-left-icon avia-color-theme-color avia-size-large avia-position-right '   ><span class='avia_button_icon avia_button_icon_left ' aria-hidden='true' data-av_icon='\ue805' data-av_iconfont='entypo-fontello'><\/span><span class='avia_iconbox_title' >CONTACTANOS<\/span><\/a><\/div>\t<\/div>\n<\/div><\/div><\/div><!-- close content main div --><\/div><\/div><div id='av_section_1'  class='avia-section socket_color avia-section-huge avia-no-border-styling av-parallax-section avia-bg-style-parallax  avia-builder-el-7  el_after_av_promobox  avia-builder-el-last   av-minimum-height av-minimum-height-25  container_wrap sidebar_right' style=' '  data-section-bg-repeat='no-repeat' data-av_minimum_height_pc='25'><div class='av-parallax' data-avia-parallax-ratio='0.3' ><div class='av-parallax-inner socket_color  avia-full-stretch' style = 'background-repeat: no-repeat; background-image: url(http:\/\/www.neiguatemazcal.com\/wp-content\/uploads\/2014\/02\/12063386_10205363300746671_5373307100644610413_n-1-300x225.jpg);background-attachment: scroll; background-position: top left; ' ><\/div><\/div><div class='container' ><div class='template-page content  av-content-small alpha units'><div class='post-entry post-entry-type-page post-entry-3469'><div class='entry-content-wrapper clearfix'>\n<div   data-autoplay='1'  data-interval='5'  data-animation='fade'  data-hoverpause='1'  class='avia-testimonial-wrapper avia-slider-testimonials avia-slider-2-testimonials avia_animate_when_almost_visible  av-large-testimonial-slider  '>\n<section class ='avia-testimonial-row'><div class='avia-testimonial av_one_half flex_column no_margin avia-testimonial-row-1 avia-first-testimonial'  itemscope=\"itemscope\" itemtype=\"https:\/\/schema.org\/Person\" ><div class='avia-testimonial_inner'><div class='avia-testimonial-content '    itemscope=\"itemscope\" itemtype=\"https:\/\/schema.org\/CreativeWork\" ><p>El efecto que el <strong>Temazcal<\/strong> genera en el cuerpo f\u00edsico es innumerable. Pr\u00e1cticamente todos los \u00f3rganos del cuerpo se ven estimulados y depurados.<\/p>\n<\/div><div class='avia-testimonial-meta'><div class='avia-testimonial-arrow-wrap'><div class='avia-arrow'><\/div><\/div><div class='avia-testimonial-meta-mini'><strong  class='avia-testimonial-name'    itemprop=\"name\" >Neigua Temazcal<\/strong><\/div><\/div><\/div><\/div>\n<\/section><div class='avia-slideshow-arrows avia-slideshow-controls' ><a href='#prev' class='prev-slide' aria-hidden='true' data-av_icon='\ue87c' data-av_iconfont='entypo-fontello'>Previous<\/a><a href='#next' class='next-slide' aria-hidden='true' data-av_icon='\ue87d' data-av_iconfont='entypo-fontello'>Next<\/a><\/div><\/div>\n<\/div><\/div><\/div><!-- close content main div --><\/div><\/div><div id='after_section_1'  class='main_color av_default_container_wrap container_wrap sidebar_right' style=' '  ><div class='container' ><div class='template-page content  av-content-small alpha units'><div class='post-entry post-entry-type-page post-entry-3469'><div class='entry-content-wrapper clearfix'>\n","protected":false},"excerpt":{"rendered":"","protected":false},"author":1,"featured_media":0,"parent":0,"menu_order":0,"comment_status":"closed","ping_status":"closed","template":"","meta":[],"_links":{"self":[{"href":"http:\/\/www.neiguatemazcal.com\/index.php?rest_route=\/wp\/v2\/pages\/3469"}],"collection":[{"href":"http:\/\/www.neiguatemazcal.com\/index.php?rest_route=\/wp\/v2\/pages"}],"about":[{"href":"http:\/\/www.neiguatemazcal.com\/index.php?rest_route=\/wp\/v2\/types\/page"}],"author":[{"embeddable":true,"href":"http:\/\/www.neiguatemazcal.com\/index.php?rest_route=\/wp\/v2\/users\/1"}],"replies":[{"embeddable":true,"href":"http:\/\/www.neiguatemazcal.com\/index.php?rest_route=%2Fwp%2Fv2%2Fcomments&post=3469"}],"version-history":[{"count":7,"href":"http:\/\/www.neiguatemazcal.com\/index.php?rest_route=\/wp\/v2\/pages\/3469\/revisions"}],"predecessor-version":[{"id":3949,"href":"http:\/\/www.neiguatemazcal.com\/index.php?rest_route=\/wp\/v2\/pages\/3469\/revisions\/3949"}],"wp:attachment":[{"href":"http:\/\/www.neiguatemazcal.com\/index.php?rest_route=%2Fwp%2Fv2%2Fmedia&parent=3469"}],"curies":[{"name":"wp","href":"https:\/\/api.w.org\/{rel}","templated":true}]}}